{"id":479,"date":"2023-12-03T08:36:09","date_gmt":"2023-12-03T07:36:09","guid":{"rendered":"https:\/\/jens-moeller.de\/?page_id=479"},"modified":"2023-12-10T12:29:59","modified_gmt":"2023-12-10T11:29:59","slug":"einfach-und-robust-xt-500","status":"publish","type":"page","link":"https:\/\/jens-moeller.de\/","title":{"rendered":"Einfach und robust! XT 500"},"content":{"rendered":"<div class=\"wp-block-image\">\n<figure class=\"aligncenter size-large\"><img loading=\"lazy\" decoding=\"async\" width=\"1024\" height=\"671\" src=\"https:\/\/jens-moeller.de\/wp-content\/uploads\/2023\/12\/yamaha-xt-500-bj-76-e1701588069753-1024x671.webp\" alt=\"\" class=\"wp-image-478\" srcset=\"https:\/\/jens-moeller.de\/wp-content\/uploads\/2023\/12\/yamaha-xt-500-bj-76-e1701588069753-1024x671.webp 1024w, https:\/\/jens-moeller.de\/wp-content\/uploads\/2023\/12\/yamaha-xt-500-bj-76-e1701588069753-300x196.webp 300w, https:\/\/jens-moeller.de\/wp-content\/uploads\/2023\/12\/yamaha-xt-500-bj-76-e1701588069753-768x503.webp 768w, https:\/\/jens-moeller.de\/wp-content\/uploads\/2023\/12\/yamaha-xt-500-bj-76-e1701588069753.webp 1168w\" sizes=\"auto, (max-width: 1024px) 100vw, 1024px\" \/><\/figure>\n<\/div>\n\n\n<p class=\"has-text-align-center has-medium-font-size\"><strong>Je mehr wir uns mit der XT 500 besch\u00e4ftigen, desto gr\u00f6\u00dfer wird das Interesse.<\/strong><\/p>\n","protected":false},"excerpt":{"rendered":"<p>Je mehr wir uns mit der XT 500 besch\u00e4ftigen, desto gr\u00f6\u00dfer wird das Interesse.<\/p>\n","protected":false},"author":2,"featured_media":0,"parent":0,"menu_order":0,"comment_status":"closed","ping_status":"closed","template":"","meta":{"neve_meta_sidebar":"full-width","neve_meta_container":"","neve_meta_enable_content_width":"","neve_meta_content_width":70,"neve_meta_title_alignment":"center","neve_meta_author_avatar":"","neve_post_elements_order":"","neve_meta_disable_header":"on","neve_meta_disable_footer":"","neve_meta_disable_title":"","_ti_tpc_template_sync":false,"_ti_tpc_template_id":"","footnotes":""},"class_list":["post-479","page","type-page","status-publish","hentry"],"_links":{"self":[{"href":"https:\/\/jens-moeller.de\/index.php\/wp-json\/wp\/v2\/pages\/479","targetHints":{"allow":["GET"]}}],"collection":[{"href":"https:\/\/jens-moeller.de\/index.php\/wp-json\/wp\/v2\/pages"}],"about":[{"href":"https:\/\/jens-moeller.de\/index.php\/wp-json\/wp\/v2\/types\/page"}],"author":[{"embeddable":true,"href":"https:\/\/jens-moeller.de\/index.php\/wp-json\/wp\/v2\/users\/2"}],"replies":[{"embeddable":true,"href":"https:\/\/jens-moeller.de\/index.php\/wp-json\/wp\/v2\/comments?post=479"}],"version-history":[{"count":5,"href":"https:\/\/jens-moeller.de\/index.php\/wp-json\/wp\/v2\/pages\/479\/revisions"}],"predecessor-version":[{"id":487,"href":"https:\/\/jens-moeller.de\/index.php\/wp-json\/wp\/v2\/pages\/479\/revisions\/487"}],"wp:attachment":[{"href":"https:\/\/jens-moeller.de\/index.php\/wp-json\/wp\/v2\/media?parent=479"}],"curies":[{"name":"wp","href":"https:\/\/api.w.org\/{rel}","templated":true}]}}